{"id":93,"date":"2022-09-03T18:49:54","date_gmt":"2022-09-03T21:49:54","guid":{"rendered":"http:\/\/cedaf.fca.unju.edu.ar\/?page_id=93"},"modified":"2022-09-10T11:31:10","modified_gmt":"2022-09-10T14:31:10","slug":"proyectos","status":"publish","type":"page","link":"http:\/\/cedaf.fca.unju.edu.ar\/?page_id=93","title":{"rendered":"Proyectos"},"content":{"rendered":"\n<p class=\"has-large-font-size\"><strong><a href=\"http:\/\/cedaf.fca.unju.edu.ar\/?p=152\" data-type=\"URL\" data-id=\"http:\/\/cedaf.fca.unju.edu.ar\/?p=152\">En ejecuci\u00f3n por CEDAF<\/a><\/strong><\/p>\n\n\n\n<p class=\"has-white-background-color has-background has-medium-font-size\"><strong>2021-2024: Investigaci\u00f3n, extensi\u00f3n y formaci\u00f3n en agroecolog\u00eda: Proyecto acreditado \u201cA\u201d SECTER. C\u00f3d. 08\/A0207.\u00a0<\/strong><\/p>\n\n\n\n<hr class=\"wp-block-separator has-alpha-channel-opacity\"\/>\n\n\n\n<p class=\"has-large-font-size\"><strong><a href=\"http:\/\/cedaf.fca.unju.edu.ar\/?p=157\" data-type=\"URL\" data-id=\"http:\/\/cedaf.fca.unju.edu.ar\/?p=157\">Ejecutados por CEDAF<\/a><\/strong><\/p>\n\n\n\n<p><strong>2005-2008: Desarrollo de dise\u00f1os productivos hort\u00edcolas con eficiencia econ\u00f3mica, social y ambiental. Proyecto subsidiado por la SECTER-UNJU.. C\u00f3digo 08\/A 034.<\/strong><\/p>\n\n\n\n<p><strong>2010-2012: Biofertilizantes y abonos org\u00e1nicos en sistemas hort\u00edcolas familiares de Jujuy. Proyecto SECTER-UNJU. C\u00f3d. 08\/A0100.<\/strong><\/p>\n\n\n\n<p><strong>2010-2012: Sistemas a peque\u00f1a escala de multiplicaci\u00f3n de agentes de control biol\u00f3gico de plagas y enfermedades y formas usos en&nbsp; cultivos hort\u00edcolas de importancia para sistemas familiares de producci\u00f3n en la provincia de Jujuy. Proyecto SECTER-UNJU, acreditado en el programa de incentivo. C\u00f3d. 08\/A101.<\/strong><\/p>\n\n\n\n<p><strong>2009-2011: Investigaci\u00f3n, desarrollo y transferencia de tecnolog\u00eda agroecol\u00f3gica para agricultores familiares. Producci\u00f3n y autoabastecimiento de biofertilizantes, bioestimulantes,&nbsp; abonos foliares y agentes de control biol\u00f3gico por organizaciones de peque\u00f1os productores\u201d. Proyecto de desarrollo de peque\u00f1os productores PROINDER,&nbsp; Secretar\u00eda de Agricultura, Ganader\u00eda Pesca y Alimentos-UNJu.<\/strong><\/p>\n\n\n\n<p><strong>2012: Investigaci\u00f3n adaptativa&nbsp; con la cooperativa Prosol de agricultores familiares de la Quebrada de Humahuaca para la obtenci\u00f3n de&nbsp; sopas de hortalizas y cereales andinos; a partir de tecnolog\u00eda agroecol\u00f3gica y agregado de valor en forma semiartesanal.&nbsp; Ministerio de agricultura, ganader\u00eda y pesca. Subsecretar\u00eda de agricultura familiar. Direcci\u00f3n de asistencia t\u00e9cnica y capacitaci\u00f3n \u00e1rea tecnolog\u00edas. Proyectos de experimentaci\u00f3n adaptativa para la agricultura familiar.<\/strong><\/p>\n\n\n\n<p><strong>2012-2015: Tecnolog\u00edas agroecol\u00f3gicas y buenas pr\u00e1cticas agr\u00edcolas para sistemas hort\u00edcolas familiares de Jujuy. Proyecto acreditado \u201cA\u201d, SECTER Cod: 08\/A0124.<\/strong><\/p>\n\n\n\n<p><strong>2012: Contribuci\u00f3n a la seguridad alimentaria de la agricultura familiar a trav\u00e9s de la implementaci\u00f3n de buenas pr\u00e1cticas de manufactura (BPM) en una organizaci\u00f3n comunitaria. Proyecto de voluntariado universitario. Convocatoria 2012 FCA-UNJu. Res. SPU N\u00b0 1394\/2012.<\/strong><\/p>\n\n\n\n<p><strong>2012: Relevamiento de informaci\u00f3n para el mejoramiento de los sistemas de riego de los agricultores familiares de las localidades de Maimar\u00e1 y Cieneguillas \u2013 Municipio de Maimar\u00e1, Quebrada de Humahuaca, Provincia de Jujuy. Proyecto de voluntariado universitario. Convocatoria 2012 FCA-UNJu. Res. SPU N\u00b0 1394\/2012.<\/strong><\/p>\n\n\n\n<p><strong>2013: Perspectivas de incorporaci\u00f3n de cultivos andinos, como complemento en la dieta escolar del nivel inicial y primario. Implicancias en la calidad alimentaria y fomento de producciones locales. Proyecto de voluntariado universitario Convocatoria 2013, FCA-UNJu. Res. SPU N\u00ba 2653\/2013.<\/strong><\/p>\n\n\n\n<p><strong>2014-2017: Centro de innovaci\u00f3n y transferencia de tecnolog\u00eda agroecol\u00f3gica para organizaciones familiares de la regi\u00f3n NOA. Programa de Servicios Agr\u00edcolas Provinciales (PROSAP2, Pr\u00e9stamo BIRF 7597-AR) Iniciativas de Transferencia de Innovaciones (ITI).<\/strong><\/p>\n\n\n\n<p><strong>2016-2017: Proyecto Espec\u00edfico II: Manejo agroecol\u00f3gico en quebrada y puna juje\u00f1a: investigaci\u00f3n, pr\u00e1ctica y formaci\u00f3n. Del Plan de Mejora Competitiva del Cl\u00faster Complejo Quinua de Jujuy. Financiamiento de PROSAP, UCAR.<\/strong><\/p>\n\n\n\n<p><strong>2016-2020: Propuesta integral para el desarrollo\u00a0 de la producci\u00f3n de quinua agroecol\u00f3gica en Jujuy: investigaci\u00f3n, investigaci\u00f3n acci\u00f3n participativa y formaci\u00f3n. Proyecto acreditado \u201cA\u201d SECTER. C\u00f3d. 08\/A0167.<\/strong><\/p>\n","protected":false},"excerpt":{"rendered":"<p>En ejecuci\u00f3n por CEDAF 2021-2024: Investigaci\u00f3n, extensi\u00f3n y formaci\u00f3n en agroecolog\u00eda: Proyecto acreditado \u201cA\u201d SECTER. C\u00f3d. 08\/A0207.\u00a0 Ejecutados por CEDAF 2005-2008: Desarrollo de dise\u00f1os productivos hort\u00edcolas con eficiencia econ\u00f3mica, social y ambiental. Proyecto subsidiado por la SECTER-UNJU.. C\u00f3digo 08\/A 034. 2010-2012: Biofertilizantes y abonos org\u00e1nicos en sistemas hort\u00edcolas familiares de Jujuy. Proyecto SECTER-UNJU. C\u00f3d. 08\/A0100. [&hellip;]<\/p>\n","protected":false},"author":1,"featured_media":0,"parent":0,"menu_order":0,"comment_status":"closed","ping_status":"closed","template":"","meta":{"footnotes":""},"class_list":["post-93","page","type-page","status-publish","hentry"],"_links":{"self":[{"href":"http:\/\/cedaf.fca.unju.edu.ar\/index.php?rest_route=\/wp\/v2\/pages\/93","targetHints":{"allow":["GET"]}}],"collection":[{"href":"http:\/\/cedaf.fca.unju.edu.ar\/index.php?rest_route=\/wp\/v2\/pages"}],"about":[{"href":"http:\/\/cedaf.fca.unju.edu.ar\/index.php?rest_route=\/wp\/v2\/types\/page"}],"author":[{"embeddable":true,"href":"http:\/\/cedaf.fca.unju.edu.ar\/index.php?rest_route=\/wp\/v2\/users\/1"}],"replies":[{"embeddable":true,"href":"http:\/\/cedaf.fca.unju.edu.ar\/index.php?rest_route=%2Fwp%2Fv2%2Fcomments&post=93"}],"version-history":[{"count":9,"href":"http:\/\/cedaf.fca.unju.edu.ar\/index.php?rest_route=\/wp\/v2\/pages\/93\/revisions"}],"predecessor-version":[{"id":358,"href":"http:\/\/cedaf.fca.unju.edu.ar\/index.php?rest_route=\/wp\/v2\/pages\/93\/revisions\/358"}],"wp:attachment":[{"href":"http:\/\/cedaf.fca.unju.edu.ar\/index.php?rest_route=%2Fwp%2Fv2%2Fmedia&parent=93"}],"curies":[{"name":"wp","href":"https:\/\/api.w.org\/{rel}","templated":true}]}}